{"id":4,"date":"2017-08-21T12:26:05","date_gmt":"2017-08-21T12:26:05","guid":{"rendered":"http:\/\/photo.jose-marcio.org\/gallery\/?page_id=4"},"modified":"2019-08-13T23:46:40","modified_gmt":"2019-08-13T21:46:40","slug":"home","status":"publish","type":"page","link":"https:\/\/photo.jose-marcio.org\/gallery\/","title":{"rendered":"Entr&rsquo;Acte"},"content":{"rendered":"<p>Bienvenue !!!<\/p>\n<p>Aimez vous la photographie ? Moi aussi !<\/p>\n<p>Dans ces pages vous trouverez quelques uns de mes travaux photographiques.<\/p>\n<p>Mes sujets pr\u00e9f\u00e9r\u00e9s ? Sauf quelques exceptions, j&rsquo;aime photographier les gens, ou des gens dans l&rsquo;environnement, que ce soit en ville ou ailleurs.<\/p>\n<p>Merci de votre visite. Revenez de temps en temps, la porte sera toujours ouverte. <\/p>\n\n\n<p><\/p>\n","protected":false},"excerpt":{"rendered":"<p>Bienvenue !!! Aimez vous la photographie ? Moi aussi ! Dans ces pages vous trouverez quelques uns de mes travaux<\/p>\n","protected":false},"author":1,"featured_media":0,"parent":0,"menu_order":0,"comment_status":"closed","ping_status":"closed","template":"","meta":{"footnotes":""},"class_list":["post-4","page","type-page","status-publish","hentry","comments-off"],"post_mailing_queue_ids":[],"_links":{"self":[{"href":"https:\/\/photo.jose-marcio.org\/gallery\/index.php\/wp-json\/wp\/v2\/pages\/4","targetHints":{"allow":["GET"]}}],"collection":[{"href":"https:\/\/photo.jose-marcio.org\/gallery\/index.php\/wp-json\/wp\/v2\/pages"}],"about":[{"href":"https:\/\/photo.jose-marcio.org\/gallery\/index.php\/wp-json\/wp\/v2\/types\/page"}],"author":[{"embeddable":true,"href":"https:\/\/photo.jose-marcio.org\/gallery\/index.php\/wp-json\/wp\/v2\/users\/1"}],"replies":[{"embeddable":true,"href":"https:\/\/photo.jose-marcio.org\/gallery\/index.php\/wp-json\/wp\/v2\/comments?post=4"}],"version-history":[{"count":0,"href":"https:\/\/photo.jose-marcio.org\/gallery\/index.php\/wp-json\/wp\/v2\/pages\/4\/revisions"}],"wp:attachment":[{"href":"https:\/\/photo.jose-marcio.org\/gallery\/index.php\/wp-json\/wp\/v2\/media?parent=4"}],"curies":[{"name":"wp","href":"https:\/\/api.w.org\/{rel}","templated":true}]}}